{"id":19,"date":"2016-09-08T22:59:41","date_gmt":"2016-09-08T22:59:41","guid":{"rendered":"http:\/\/blog.welgemoed.nl\/?page_id=19"},"modified":"2024-02-07T16:27:28","modified_gmt":"2024-02-07T15:27:28","slug":"atletiek","status":"publish","type":"page","link":"http:\/\/blog.welgemoed.nl\/?page_id=19","title":{"rendered":"Atletiek"},"content":{"rendered":"\r\n\r\n\r\n<p>Op deze pagina heb ik verschillende atletiektrainingen verzameld. De nieuwste zijn ook voor pupillen.<\/p>\r\n<p>Helemaal onderaan vind je een paar technische trainingen die je zelf thuis kunt doen, nog uit het thuistraintijdperk. De bedoeling was de training af te maken met nog een paar sprintjes of een korte duurloop. Voor een thuiskrachttraining kun je ook de <a href=\"http:\/\/blog.welgemoed.nl\/?page_id=43\" target=\"_blank\" rel=\"noreferrer noopener\">HIIT-trainingen<\/a> doorlopen. In 30 minuten heb je dan weer je spieren aangezet. Klik op de titel voor het volledige artikel.<\/p>\r\n\r\n\r\n\r\n<blockquote class=\"wp-block-quote is-layout-flow wp-block-quote-is-layout-flow\">\r\n<div class=\"layout_1\"><div class=\"wp-posts-pro \" data-layout=\"3\" data-auto_play=\"\" data-stop_on_hover=\"\" data-navigation=\"\" data-pagination=\"\"><div class='wpp_section wpp_group'><div class='wpp_col wpp_span_1_of_1'><div class=\"wpp_post\" itemscope=\"\" itemtype=\"http:\/\/schema.org\/Article\">\n\t <h3 itemprop=\"name\"><a href=\"http:\/\/blog.welgemoed.nl\/?p=675\">Dobbelspel bij gezamelijke training pupillen<\/a><\/h3>\n\t <div class=\"wpp_meta\">\n\t\t<span class=\"wpp_date\"><\/span>\n        <span class=\"wpp_author\"><\/span>\n        <span class=\"wpp_comments\"><\/span>\n\t <\/div>\n\t <div class=\"wpp_image\">\n\t\t <a href=\"http:\/\/blog.welgemoed.nl\/?p=675\"><img decoding=\"async\"    class=\"wpp_image_right\" src=\"http:\/\/blog.welgemoed.nl\/wp-content\/uploads\/2024\/05\/dobbelspel-pupillen-150x150.png\" align=\"right\" \/><\/a> Vakantie! Meestal hebben we dan geen training, maar soms duurt het wat te lang en doen we een gezamenlijke training met alle pupillengroepen. We beginnen dit keer met tikkertje en het renspel kwartetten.\u00a0 Daarna een dobbelspel met verschillende oefeningen.\n\t\t  <div class=\"wpp_caption\">\n\t\t\t <div class=\"wpp_readmore\"><\/div>\n\t\t\t <div class=\"wpp_taxonomy\">\n\t\t\t<div class=\"wpp_category\"><\/div>\n\t\t\t <div class=\"wpp_tags\"><\/div>\n\t\t\t <\/div>\n\t\t<\/div>\n\t<\/div>\n<\/div>\n<\/div><\/div><div class='wpp_section wpp_group'><div class='wpp_col wpp_span_1_of_1'><div class=\"wpp_post\" itemscope=\"\" itemtype=\"http:\/\/schema.org\/Article\">\n\t <h3 itemprop=\"name\"><a href=\"http:\/\/blog.welgemoed.nl\/?p=655\">Polsstokverspringen bij de pupillen<\/a><\/h3>\n\t <div class=\"wpp_meta\">\n\t\t<span class=\"wpp_date\"><\/span>\n        <span class=\"wpp_author\"><\/span>\n        <span class=\"wpp_comments\"><\/span>\n\t <\/div>\n\t <div class=\"wpp_image\">\n\t\t <a href=\"http:\/\/blog.welgemoed.nl\/?p=655\"><img decoding=\"async\"    class=\"wpp_image_right\" src=\"http:\/\/blog.welgemoed.nl\/wp-content\/uploads\/2024\/02\/polsstokverspringen-150x150.png\" align=\"right\" \/><\/a> Bij de pupillen leren we polsstokverspringen aan. Het is onderdeel van de Athletics Champs-wedstrijden bij de U12. Ze prikken dan na een kleine aanloop de niet-buigende stok vooraan in de zandbank en springen zo ver mogelijk in de zandbak. De afstand vanaf een meter voor de zandbak (afzetpunt) wordt gemeten. Ze moeten zo'n 2-4 meter&hellip;\n\t\t  <div class=\"wpp_caption\">\n\t\t\t <div class=\"wpp_readmore\"><\/div>\n\t\t\t <div class=\"wpp_taxonomy\">\n\t\t\t<div class=\"wpp_category\"><\/div>\n\t\t\t <div class=\"wpp_tags\">Tags: Atletiek, Polsstokverspringen, Pupil<\/div>\n\t\t\t <\/div>\n\t\t<\/div>\n\t<\/div>\n<\/div>\n<\/div><\/div><div class='wpp_section wpp_group'><div class='wpp_col wpp_span_1_of_1'><div class=\"wpp_post\" itemscope=\"\" itemtype=\"http:\/\/schema.org\/Article\">\n\t <h3 itemprop=\"name\"><a href=\"http:\/\/blog.welgemoed.nl\/?p=640\">Werpspelletjes bij de pupillen<\/a><\/h3>\n\t <div class=\"wpp_meta\">\n\t\t<span class=\"wpp_date\"><\/span>\n        <span class=\"wpp_author\"><\/span>\n        <span class=\"wpp_comments\"><\/span>\n\t <\/div>\n\t <div class=\"wpp_image\">\n\t\t  Op de laatste atletiektrainersdag leerde ik dat de huidige generatie kinderen minder goed kan gooien dan de vorige. Voor pupillen is het dus van belang dat er veel gegooid wordt. Hier een paar lekkere gooispelletjes (nog aan te vullen). Met dank aan FUNdament-werpentrainers op verschillende atletiektrainerdagen. Slingeren Twee of meer groepen van ongeveer 6 atleten.&hellip;\n\t\t  <div class=\"wpp_caption\">\n\t\t\t <div class=\"wpp_readmore\"><\/div>\n\t\t\t <div class=\"wpp_taxonomy\">\n\t\t\t<div class=\"wpp_category\"><\/div>\n\t\t\t <div class=\"wpp_tags\">Tags: Atletiek, Discuswerpen, Pupil<\/div>\n\t\t\t <\/div>\n\t\t<\/div>\n\t<\/div>\n<\/div>\n<\/div><\/div><div class='wpp_section wpp_group'><div class='wpp_col wpp_span_1_of_1'><div class=\"wpp_post\" itemscope=\"\" itemtype=\"http:\/\/schema.org\/Article\">\n\t <h3 itemprop=\"name\"><a href=\"http:\/\/blog.welgemoed.nl\/?p=378\">&#8216;Meerkamptraining&#8217; 19 april 2020<\/a><\/h3>\n\t <div class=\"wpp_meta\">\n\t\t<span class=\"wpp_date\"><\/span>\n        <span class=\"wpp_author\"><\/span>\n        <span class=\"wpp_comments\"><\/span>\n\t <\/div>\n\t <div class=\"wpp_image\">\n\t\t <a href=\"http:\/\/blog.welgemoed.nl\/?p=378\"><img decoding=\"async\"    class=\"wpp_image_right\" src=\"http:\/\/blog.welgemoed.nl\/wp-content\/uploads\/2020\/04\/bovenkant19april-150x150.png\" align=\"right\" \/><\/a> Samen met Detmar heb ik ruim een half uur gerend, met wat pauzes en intervallen. Daarna zijn we met wat nieuwe materialen in de speeltuin gaan trainen: krachttraining en stoten met een medbalslingeren met (vrij grote) BMX-bandenspeerwerpen met een 300 gr zware oefenspeerspringen over het toverkoord, om dat even uit te proberen. Zie de video!\n\t\t  <div class=\"wpp_caption\">\n\t\t\t <div class=\"wpp_readmore\"><\/div>\n\t\t\t <div class=\"wpp_taxonomy\">\n\t\t\t<div class=\"wpp_category\"><\/div>\n\t\t\t <div class=\"wpp_tags\">Tags: Discuswerpen, Hoogspringen, Kogelstoten, Merrell Vapor Glove 4, Speerwerpen, Thuis<\/div>\n\t\t\t <\/div>\n\t\t<\/div>\n\t<\/div>\n<\/div>\n<\/div><\/div><div class='wpp_section wpp_group'><div class='wpp_col wpp_span_1_of_1'><div class=\"wpp_post\" itemscope=\"\" itemtype=\"http:\/\/schema.org\/Article\">\n\t <h3 itemprop=\"name\"><a href=\"http:\/\/blog.welgemoed.nl\/?p=367\">Discuswerpen voor thuis 16 april 2020<\/a><\/h3>\n\t <div class=\"wpp_meta\">\n\t\t<span class=\"wpp_date\"><\/span>\n        <span class=\"wpp_author\"><\/span>\n        <span class=\"wpp_comments\"><\/span>\n\t <\/div>\n\t <div class=\"wpp_image\">\n\t\t  Heb je geen zin in speerwerken, misschien wel in discuswerpen. Hieronder ook een paar leuke oefeningen die je thuis kan doen. 1. Warming up met Sanna K\u00e4m\u00e4r\u00e4inen 2. Stokoefeningen van Madisons Throws Club 3. Lijnoefeningen met MTC 4. Uitleg standworp met Arete Throws Nation 5. De handdoek uit de ring gooien met MTC Succes!\n\t\t  <div class=\"wpp_caption\">\n\t\t\t <div class=\"wpp_readmore\"><\/div>\n\t\t\t <div class=\"wpp_taxonomy\">\n\t\t\t<div class=\"wpp_category\"><\/div>\n\t\t\t <div class=\"wpp_tags\">Tags: Discuswerpen, Thuis<\/div>\n\t\t\t <\/div>\n\t\t<\/div>\n\t<\/div>\n<\/div>\n<\/div><\/div><div class='wpp_section wpp_group'><div class='wpp_col wpp_span_1_of_1'><div class=\"wpp_post\" itemscope=\"\" itemtype=\"http:\/\/schema.org\/Article\">\n\t <h3 itemprop=\"name\"><a href=\"http:\/\/blog.welgemoed.nl\/?p=348\">Speerwerptraining voor thuis 16 april 2020<\/a><\/h3>\n\t <div class=\"wpp_meta\">\n\t\t<span class=\"wpp_date\"><\/span>\n        <span class=\"wpp_author\"><\/span>\n        <span class=\"wpp_comments\"><\/span>\n\t <\/div>\n\t <div class=\"wpp_image\">\n\t\t  Er is zoveel te vinden op internet. We zagen een leuk filmpje van Melissa Boekelman op Instagram voor kogel. Waarom was dat er niet voor speer? Hier heb ik een paar oefeningen gevonden om even lekker te gooien, maar dan thuis. 1. Dynamische flexibiliteit Gebruik een bezem! Net even anders dan anders, maar wel lekker.&hellip;\n\t\t  <div class=\"wpp_caption\">\n\t\t\t <div class=\"wpp_readmore\"><\/div>\n\t\t\t <div class=\"wpp_taxonomy\">\n\t\t\t<div class=\"wpp_category\"><\/div>\n\t\t\t <div class=\"wpp_tags\">Tags: Speerwerpen, Thuis<\/div>\n\t\t\t <\/div>\n\t\t<\/div>\n\t<\/div>\n<\/div>\n<\/div><\/div><div class='wpp_section wpp_group'><div class='wpp_col wpp_span_1_of_1'><div class=\"wpp_post\" itemscope=\"\" itemtype=\"http:\/\/schema.org\/Article\">\n\t <h3 itemprop=\"name\"><a href=\"http:\/\/blog.welgemoed.nl\/?p=271\">Atletiektraining 2 april 2020<\/a><\/h3>\n\t <div class=\"wpp_meta\">\n\t\t<span class=\"wpp_date\"><\/span>\n        <span class=\"wpp_author\"><\/span>\n        <span class=\"wpp_comments\"><\/span>\n\t <\/div>\n\t <div class=\"wpp_image\">\n\t\t <a href=\"http:\/\/blog.welgemoed.nl\/?p=271\"><img decoding=\"async\"    class=\"wpp_image_right\" src=\"http:\/\/blog.welgemoed.nl\/wp-content\/uploads\/2020\/03\/Work-Your-Wild-Side-Full-Animal-Workout-30DaysWild-150x150.png\" align=\"right\" \/><\/a> #trainingmoetdoorgaan Warming-up Warm op als je dat nodig hebt, of doe het tijdens het mobiliteitsblokje hierna. 15 minuten mobiliteit met Ablackbirdsepiphany Beestachtig elastisch! 7 minuten stabiliteit met Micheal Wellington Track and Field | Core Circuit Using a Plate (of elk zwaar ding dat je hebt) 7,5 of 15 minuten snelheidstraining op 10 m2 met Men's&hellip;\n\t\t  <div class=\"wpp_caption\">\n\t\t\t <div class=\"wpp_readmore\"><\/div>\n\t\t\t <div class=\"wpp_taxonomy\">\n\t\t\t<div class=\"wpp_category\"><\/div>\n\t\t\t <div class=\"wpp_tags\">Tags: Atletiek, Sprint, Thuis<\/div>\n\t\t\t <\/div>\n\t\t<\/div>\n\t<\/div>\n<\/div>\n<\/div><\/div><\/div><\/div>\r\n<\/blockquote>\r\n\r\n\r\n\r\n<h2 class=\"wp-block-heading\">Kijk ook eens hier<\/h2>\r\n\r\n<ul>\r\n<li><a href=\"http:\/\/www.teachpe.com\/sports-coaching\/athletics\/sprints\/junior-100m-200m-sprint-training\/\">http:\/\/www.teachpe.com\/sports-coaching\/athletics\/sprints\/junior-100m-200m-sprint-training\/<\/a><\/li>\r\n<li><a href=\"https:\/\/www.youtube.com\/user\/wellywell3\" target=\"_blank\"  rel=\"wpdevart_lightbox_video noopener noreferrer\" >Micheal Wellington op YouTube<\/a> (sprint- en hordenoefeningen)<\/li>\r\n<li><a href=\"https:\/\/youtu.be\/WLeH1FjpFS0\" target=\"_blank\"  rel=\"wpdevart_lightbox_video noopener noreferrer\" >Hordenoefeningen voor discuswerpers<\/a><\/li>\r\n<li><a href=\"http:\/\/tartan.nl\/\">http:\/\/tartan.nl\/<\/a><\/li>\r\n<li><a href=\"http:\/\/www.jeugdatleet.nl\/index.html\">http:\/\/www.jeugdatleet.nl\/index.html<\/a><\/li>\r\n<\/ul>","protected":false},"excerpt":{"rendered":"<p>Op deze pagina heb ik verschillende atletiektrainingen verzameld. De nieuwste zijn ook voor pupillen. Helemaal onderaan vind je een paar technische trainingen die je zelf thuis kunt doen, nog uit het thuistraintijdperk. De bedoeling was de training af te maken met nog een paar sprintjes of een korte duurloop. Voor een thuiskrachttraining kun je ook &hellip; <a href=\"http:\/\/blog.welgemoed.nl\/?page_id=19\" class=\"more-link\">Verder lezen <span class=\"screen-reader-text\">Atletiek<\/span><\/a><\/p>\n","protected":false},"author":1,"featured_media":0,"parent":0,"menu_order":4,"comment_status":"closed","ping_status":"closed","template":"","meta":{"footnotes":""},"class_list":["post-19","page","type-page","status-publish","hentry"],"featured_image_urls_v2":{"full":"","thumbnail":"","medium":"","medium_large":"","large":"","1536x1536":"","2048x2048":"","post-thumbnail":""},"post_excerpt_stackable_v2":"<p>Op deze pagina heb ik verschillende atletiektrainingen verzameld. De nieuwste zijn ook voor pupillen. Helemaal onderaan vind je een paar technische trainingen die je zelf thuis kunt doen, nog uit het thuistraintijdperk. De bedoeling was de training af te maken met nog een paar sprintjes of een korte duurloop. Voor een thuiskrachttraining kun je ook de HIIT-trainingen doorlopen. In 30 minuten heb je dan weer je spieren aangezet. Klik op de titel voor het volledige artikel. Dobbelspel bij gezamelijke training pupillen Vakantie! Meestal hebben we dan geen training, maar soms duurt het wat te lang en doen we een gezamenlijke&hellip;<\/p>\n","category_list_v2":"","author_info_v2":{"name":"welgemoed","url":"http:\/\/blog.welgemoed.nl\/?author=1"},"comments_num_v2":"0 reacties","jetpack_sharing_enabled":true,"_links":{"self":[{"href":"http:\/\/blog.welgemoed.nl\/index.php?rest_route=\/wp\/v2\/pages\/19","targetHints":{"allow":["GET"]}}],"collection":[{"href":"http:\/\/blog.welgemoed.nl\/index.php?rest_route=\/wp\/v2\/pages"}],"about":[{"href":"http:\/\/blog.welgemoed.nl\/index.php?rest_route=\/wp\/v2\/types\/page"}],"author":[{"embeddable":true,"href":"http:\/\/blog.welgemoed.nl\/index.php?rest_route=\/wp\/v2\/users\/1"}],"replies":[{"embeddable":true,"href":"http:\/\/blog.welgemoed.nl\/index.php?rest_route=%2Fwp%2Fv2%2Fcomments&post=19"}],"version-history":[{"count":13,"href":"http:\/\/blog.welgemoed.nl\/index.php?rest_route=\/wp\/v2\/pages\/19\/revisions"}],"predecessor-version":[{"id":662,"href":"http:\/\/blog.welgemoed.nl\/index.php?rest_route=\/wp\/v2\/pages\/19\/revisions\/662"}],"wp:attachment":[{"href":"http:\/\/blog.welgemoed.nl\/index.php?rest_route=%2Fwp%2Fv2%2Fmedia&parent=19"}],"curies":[{"name":"wp","href":"https:\/\/api.w.org\/{rel}","templated":true}]}}